{"id":37,"date":"2024-04-10T10:32:10","date_gmt":"2024-04-10T10:32:10","guid":{"rendered":"https:\/\/store.k-tech.net.vn\/xuancong-xaydung\/?page_id=37"},"modified":"2026-02-10T10:33:23","modified_gmt":"2026-02-10T10:33:23","slug":"lien-he","status":"publish","type":"page","link":"https:\/\/nenmonghoalu.vn\/?page_id=37","title":{"rendered":"Li\u00ean h\u1ec7"},"content":{"rendered":"\t<section class=\"section\" id=\"section_97974641\">\n\t\t<div class=\"bg section-bg fill bg-fill  bg-loaded\" >\n\n\t\t\t\n\t\t\t\n\t\t\t\n\n\t\t<\/div>\n\n\t\t\n\n\t\t<div class=\"section-content relative\">\n\t\t\t\n<div class=\"row row-full-width\"  id=\"row-1065977563\">\n\n\t<div id=\"col-2101477684\" class=\"col small-12 large-12\"  >\n\t\t\t\t<div class=\"col-inner\"  >\n\t\t\t\n\t\t\t\n\n<p><iframe src=\"https:\/\/www.google.com\/maps\/embed?pb=!1m18!1m12!1m3!1d3743.9255205442973!2d106.18580471081363!3d20.220415781155896!2m3!1f0!2f0!3f0!3m2!1i1024!2i768!4f13.1!3m3!1m2!1s0x3135e7ae367479e3%3A0x611af09c4745e674!2zWMOieSBk4buxbmcgSG_DoCBQaOG6oW0!5e0!3m2!1svi!2s!4v1770719571795!5m2!1svi!2s\" width=\"100%\" height=\"450\" style=\"border:0;\" allowfullscreen=\"\" loading=\"lazy\" referrerpolicy=\"no-referrer-when-downgrade\"><\/iframe><br \/>\n\n\t\t<\/div>\n\t\t\t\t\t<\/div>\n\n\t\n<\/div>\n\t\t<\/div>\n\n\t\t\n<style>\n#section_97974641 {\n  padding-top: 0px;\n  padding-bottom: 0px;\n}\n<\/style>\n\t<\/section>\n\t\n\t<section class=\"section\" id=\"section_343782650\">\n\t\t<div class=\"bg section-bg fill bg-fill  bg-loaded\" >\n\n\t\t\t\n\t\t\t\n\t\t\t\n\n\t\t<\/div>\n\n\t\t\n\n\t\t<div class=\"section-content relative\">\n\t\t\t\n<div class=\"row\" style=\"max-width:90%\" id=\"row-913381088\">\n\n\t<div id=\"col-848321259\" class=\"col medium-8 small-12 large-8\"  >\n\t\t\t\t<div class=\"col-inner\"  >\n\t\t\t\n\t\t\t\n\t<div id=\"text-47637162\" class=\"text\">\n\t\t\n<h3>X\u00e2y d\u1ef1ng N\u1ec1n M\u00f3ng Hoa L\u01b0<\/h3>\n<ul>\n<li>\u0110\u1ecba ch\u1ec9: 243 H\u00f9ng V\u01b0\u01a1ng, TT. Li\u1ec5u \u0110\u1ec1, Ngh\u0129a H\u01b0ng, Nam \u0110\u1ecbnh<\/li>\n<li>Hotline: 085.51.52.368<\/li>\n<li>Fanpage:\u00a0<a href=\"https:\/\/www.facebook.com\/share\/14ULNwQ4gAh\/?mibextid=wwXIfr\">X\u00e2y d\u1ef1ng N\u1ec1n M\u00f3ng Hoa L\u01b0<\/a><\/li>\n<\/ul>\n\t\t\n<style>\n#text-47637162 {\n  color: rgb(0,0,0);\n}\n#text-47637162 > * {\n  color: rgb(0,0,0);\n}\n<\/style>\n\t<\/div>\n\t\n\t<div id=\"text-2131641973\" class=\"text\">\n\t\t\n<h3><strong>Li\u00ean h\u1ec7 v\u1edbi ch\u00fang t\u00f4i<\/strong><\/h3>\n\t\t\n<style>\n#text-2131641973 {\n  font-size: 1.45rem;\n  color: rgb(0,0,0);\n}\n#text-2131641973 > * {\n  color: rgb(0,0,0);\n}\n<\/style>\n\t<\/div>\n\t\n\t<div id=\"text-288027961\" class=\"text\">\n\t\t\n<div class=\"forminator-ui forminator-custom-form forminator-custom-form-178 forminator-design--flat  forminator_ajax\" data-forminator-render=\"0\" data-form=\"forminator-module-178\" data-uid=\"69ff220963c8a\"><br\/><\/div><form\n\t\t\t\tid=\"forminator-module-178\"\n\t\t\t\tclass=\"forminator-ui forminator-custom-form forminator-custom-form-178 forminator-design--flat  forminator_ajax\"\n\t\t\t\tmethod=\"post\"\n\t\t\t\tdata-forminator-render=\"0\"\n\t\t\t\tdata-form-id=\"178\"\n\t\t\t\t\n\t\t\t\tdata-design=\"flat\"\n\t\t\t\t\n\t\t\t\t\n\t\t\t\t\n\t\t\t\tdata-grid=\"open\"\n\t\t\t\t\n\t\t\t\t\n\t\t\t\tstyle=\"display: none;\"\n\t\t\t\t\n\t\t\t\tdata-uid=\"69ff220963c8a\"\n\t\t\t><div role=\"alert\" aria-live=\"polite\" class=\"forminator-response-message forminator-error\" aria-hidden=\"true\"><\/div><div class=\"forminator-row\"><div id=\"name-1\" class=\"forminator-field-name forminator-col forminator-col-12 \"><div class=\"forminator-field\"><label for=\"forminator-field-name-1_69ff220963c8a\" id=\"forminator-field-name-1_69ff220963c8a-label\" class=\"forminator-label\">T\u00ean c\u1ee7a b\u1ea1n <span class=\"forminator-required\">*<\/span><\/label><input type=\"text\" name=\"name-1\" value=\"\" placeholder=\"T\u00ean c\u1ee7a b\u1ea1n\" id=\"forminator-field-name-1_69ff220963c8a\" class=\"forminator-input forminator-name--field\" aria-required=\"true\" \/><\/div><\/div><\/div><div class=\"forminator-row\"><div id=\"phone-1\" class=\"forminator-field-phone forminator-col forminator-col-12 \"><div class=\"forminator-field\"><label for=\"forminator-field-phone-1_69ff220963c8a\" id=\"forminator-field-phone-1_69ff220963c8a-label\" class=\"forminator-label\">S\u1ed1 \u0111i\u1ec7n tho\u1ea1i<\/label><input type=\"text\" name=\"phone-1\" value=\"\" placeholder=\"S\u1ed1 \u0111i\u1ec7n tho\u1ea1i\" id=\"forminator-field-phone-1_69ff220963c8a\" class=\"forminator-input forminator-field--phone\" data-required=\"\" aria-required=\"false\" autocomplete=\"off\" \/><\/div><\/div><\/div><div class=\"forminator-row\"><div id=\"address-1\" class=\"forminator-field-address forminator-col forminator-col-12 \"><div class=\"forminator-row\"><div id=\"address-1-street_address\" class=\"forminator-col\"><div class=\"forminator-field\"><label for=\"forminator-field-address-1-street_address_69ff220963c8a\" id=\"forminator-field-address-1-street_address_69ff220963c8a-label\" class=\"forminator-label\">\u0110\u1ecba ch\u1ec9<\/label><input type=\"text\" name=\"address-1-street_address\" placeholder=\"\u0110\u1ecba ch\u1ec9...\" id=\"forminator-field-address-1-street_address_69ff220963c8a\" class=\"forminator-input\" data-required=\"\" aria-required=\"false\" value=\"\" \/><\/div><\/div><\/div><\/div><\/div><div class=\"forminator-row\"><div id=\"textarea-1\" class=\"forminator-field-textarea forminator-col forminator-col-12 \"><div class=\"forminator-field\"><label for=\"forminator-field-textarea-1_69ff220963c8a\" id=\"forminator-field-textarea-1_69ff220963c8a-label\" class=\"forminator-label\">N\u1ed9i dung<\/label><textarea name=\"textarea-1\" placeholder=\"N\u1ed9i dung...\" id=\"forminator-field-textarea-1_69ff220963c8a\" class=\"forminator-textarea\" rows=\"6\" style=\"min-height:140px;\" maxlength=\"180\" ><\/textarea><span id=\"forminator-field-textarea-1_69ff220963c8a-description\" class=\"forminator-description\"><span data-limit=\"180\" data-type=\"characters\">0 \/ 180<\/span><\/span><\/div><\/div><\/div><input type=\"hidden\" name=\"referer_url\" value=\"\" \/><div class=\"forminator-row forminator-row-last\"><div class=\"forminator-col\"><div class=\"forminator-field\"><button class=\"forminator-button forminator-button-submit\">G\u1eedi Form<\/button><\/div><\/div><\/div><input type=\"hidden\" id=\"forminator_nonce\" name=\"forminator_nonce\" value=\"45bf583ff1\" \/><input type=\"hidden\" name=\"_wp_http_referer\" value=\"\/index.php?rest_route=%2Fwp%2Fv2%2Fpages%2F37\" \/><input type=\"hidden\" name=\"form_id\" value=\"178\"><input type=\"hidden\" name=\"page_id\" value=\"37\"><input type=\"hidden\" name=\"form_type\" value=\"default\"><input type=\"hidden\" name=\"current_url\" value=\"https:\/\/nenmonghoalu.vn\/?page_id=37\"><input type=\"hidden\" name=\"render_id\" value=\"0\"><input type=\"hidden\" name=\"action\" value=\"forminator_submit_form_custom-forms\"><\/form>\n\t\t\n<style>\n#text-288027961 {\n  color: rgb(0,0,0);\n}\n#text-288027961 > * {\n  color: rgb(0,0,0);\n}\n<\/style>\n\t<\/div>\n\t\n\t\t<\/div>\n\t\t\t\t\t<\/div>\n\n\t\n\n\t<div id=\"col-642335254\" class=\"col medium-4 small-12 large-4\"  >\n\t\t\t\t<div class=\"col-inner\"  >\n\t\t\t\n\t\t\t\n<ul class=\"sidebar-wrapper ul-reset\"><aside id=\"media_image-4\" class=\"widget widget_media_image\"><span class=\"widget-title \"><span>\u0110\u1ed8I NG\u0168 NH\u00c2N S\u1ef0<\/span><\/span><div class=\"is-divider small\"><\/div><img loading=\"lazy\" decoding=\"async\" width=\"300\" height=\"168\" src=\"https:\/\/nenmonghoalu.vn\/wp-content\/uploads\/2024\/04\/3d-rendering-house-model_23-2150799705-300x168.jpg\" class=\"image wp-image-113  attachment-medium size-medium\" alt=\"\" style=\"max-width: 100%; height: auto;\" srcset=\"https:\/\/nenmonghoalu.vn\/wp-content\/uploads\/2024\/04\/3d-rendering-house-model_23-2150799705-300x168.jpg 300w, https:\/\/nenmonghoalu.vn\/wp-content\/uploads\/2024\/04\/3d-rendering-house-model_23-2150799705-600x336.jpg 600w, https:\/\/nenmonghoalu.vn\/wp-content\/uploads\/2024\/04\/3d-rendering-house-model_23-2150799705-1024x574.jpg 1024w, https:\/\/nenmonghoalu.vn\/wp-content\/uploads\/2024\/04\/3d-rendering-house-model_23-2150799705-768x430.jpg 768w, https:\/\/nenmonghoalu.vn\/wp-content\/uploads\/2024\/04\/3d-rendering-house-model_23-2150799705.jpg 1060w\" sizes=\"auto, (max-width: 300px) 100vw, 300px\" \/><\/aside><aside id=\"media_image-3\" class=\"widget widget_media_image\"><span class=\"widget-title \"><span>M\u1eabu nh\u00e0 ph\u1ed1 \u0111\u1eb9p<\/span><\/span><div class=\"is-divider small\"><\/div><img loading=\"lazy\" decoding=\"async\" width=\"300\" height=\"300\" src=\"https:\/\/nenmonghoalu.vn\/wp-content\/uploads\/2024\/04\/mat-tien-300x300.jpg\" class=\"image wp-image-127  attachment-medium size-medium\" alt=\"\" style=\"max-width: 100%; height: auto;\" srcset=\"https:\/\/nenmonghoalu.vn\/wp-content\/uploads\/2024\/04\/mat-tien-300x300.jpg 300w, https:\/\/nenmonghoalu.vn\/wp-content\/uploads\/2024\/04\/mat-tien-700x700.jpg 700w, https:\/\/nenmonghoalu.vn\/wp-content\/uploads\/2024\/04\/mat-tien-100x100.jpg 100w, https:\/\/nenmonghoalu.vn\/wp-content\/uploads\/2024\/04\/mat-tien-600x600.jpg 600w, https:\/\/nenmonghoalu.vn\/wp-content\/uploads\/2024\/04\/mat-tien-150x150.jpg 150w, https:\/\/nenmonghoalu.vn\/wp-content\/uploads\/2024\/04\/mat-tien-768x768.jpg 768w, https:\/\/nenmonghoalu.vn\/wp-content\/uploads\/2024\/04\/mat-tien.jpg 936w\" sizes=\"auto, (max-width: 300px) 100vw, 300px\" \/><\/aside>\t\t<aside id=\"flatsome_recent_posts-3\" class=\"widget flatsome_recent_posts\">\t\t<span class=\"widget-title \"><span>B\u00c0I VI\u1ebeT M\u1edaI<\/span><\/span><div class=\"is-divider small\"><\/div>\t\t<ul>\t\t\n\t\t\n\t\t<li class=\"recent-blog-posts-li\">\n\t\t\t<div class=\"flex-row recent-blog-posts align-top pt-half pb-half\">\n\t\t\t\t<div class=\"flex-col mr-half\">\n\t\t\t\t\t<div class=\"badge post-date  badge-outline\">\n\t\t\t\t\t\t\t<div class=\"badge-inner bg-fill\" style=\"background: url(https:\/\/nenmonghoalu.vn\/wp-content\/uploads\/2024\/04\/01-20-150x150.gif); border:0;\">\n                                \t\t\t\t\t\t\t<\/div>\n\t\t\t\t\t<\/div>\n\t\t\t\t<\/div>\n\t\t\t\t<div class=\"flex-col flex-grow\">\n\t\t\t\t\t  <a href=\"https:\/\/nenmonghoalu.vn\/?p=210\" title=\"C\u00f3 n\u00ean x\u00e2y nh\u00e0, s\u1eeda nh\u00e0 theo phong th\u1ee7y hay kh\u00f4ng\">C\u00f3 n\u00ean x\u00e2y nh\u00e0, s\u1eeda nh\u00e0 theo phong th\u1ee7y hay kh\u00f4ng<\/a>\n\t\t\t\t   \t  <span class=\"post_comments op-7 block is-xsmall\"><a href=\"https:\/\/nenmonghoalu.vn\/?p=210#respond\"><\/a><\/span>\n\t\t\t\t<\/div>\n\t\t\t<\/div>\n\t\t<\/li>\n\t\t\n\t\t\n\t\t<li class=\"recent-blog-posts-li\">\n\t\t\t<div class=\"flex-row recent-blog-posts align-top pt-half pb-half\">\n\t\t\t\t<div class=\"flex-col mr-half\">\n\t\t\t\t\t<div class=\"badge post-date  badge-outline\">\n\t\t\t\t\t\t\t<div class=\"badge-inner bg-fill\" style=\"background: url(https:\/\/nenmonghoalu.vn\/wp-content\/uploads\/2024\/04\/02-19-150x150.gif); border:0;\">\n                                \t\t\t\t\t\t\t<\/div>\n\t\t\t\t\t<\/div>\n\t\t\t\t<\/div>\n\t\t\t\t<div class=\"flex-col flex-grow\">\n\t\t\t\t\t  <a href=\"https:\/\/nenmonghoalu.vn\/?p=207\" title=\"T\u01b0 v\u1ea5n phong th\u1ee7y ph\u00f2ng ng\u1ee7 cho c\u1eb7p v\u1ee3 ch\u1ed3ng m\u1edbi c\u01b0\u1edbi\">T\u01b0 v\u1ea5n phong th\u1ee7y ph\u00f2ng ng\u1ee7 cho c\u1eb7p v\u1ee3 ch\u1ed3ng m\u1edbi c\u01b0\u1edbi<\/a>\n\t\t\t\t   \t  <span class=\"post_comments op-7 block is-xsmall\"><a href=\"https:\/\/nenmonghoalu.vn\/?p=207#respond\"><\/a><\/span>\n\t\t\t\t<\/div>\n\t\t\t<\/div>\n\t\t<\/li>\n\t\t\n\t\t\n\t\t<li class=\"recent-blog-posts-li\">\n\t\t\t<div class=\"flex-row recent-blog-posts align-top pt-half pb-half\">\n\t\t\t\t<div class=\"flex-col mr-half\">\n\t\t\t\t\t<div class=\"badge post-date  badge-outline\">\n\t\t\t\t\t\t\t<div class=\"badge-inner bg-fill\" style=\"background: url(https:\/\/nenmonghoalu.vn\/wp-content\/uploads\/2024\/04\/05-16-150x150.gif); border:0;\">\n                                \t\t\t\t\t\t\t<\/div>\n\t\t\t\t\t<\/div>\n\t\t\t\t<\/div>\n\t\t\t\t<div class=\"flex-col flex-grow\">\n\t\t\t\t\t  <a href=\"https:\/\/nenmonghoalu.vn\/?p=204\" title=\"S\u1eeda ch\u1eefa nh\u00e0 theo phong th\u1ee7y gi\u00fap gia ch\u1ee7 g\u1eb7p nhi\u1ec1u may m\u1eafn\">S\u1eeda ch\u1eefa nh\u00e0 theo phong th\u1ee7y gi\u00fap gia ch\u1ee7 g\u1eb7p nhi\u1ec1u may m\u1eafn<\/a>\n\t\t\t\t   \t  <span class=\"post_comments op-7 block is-xsmall\"><a href=\"https:\/\/nenmonghoalu.vn\/?p=204#respond\"><\/a><\/span>\n\t\t\t\t<\/div>\n\t\t\t<\/div>\n\t\t<\/li>\n\t\t\n\t\t\n\t\t<li class=\"recent-blog-posts-li\">\n\t\t\t<div class=\"flex-row recent-blog-posts align-top pt-half pb-half\">\n\t\t\t\t<div class=\"flex-col mr-half\">\n\t\t\t\t\t<div class=\"badge post-date  badge-outline\">\n\t\t\t\t\t\t\t<div class=\"badge-inner bg-fill\" style=\"background: url(https:\/\/nenmonghoalu.vn\/wp-content\/uploads\/2024\/04\/01-17-150x150.gif); border:0;\">\n                                \t\t\t\t\t\t\t<\/div>\n\t\t\t\t\t<\/div>\n\t\t\t\t<\/div>\n\t\t\t\t<div class=\"flex-col flex-grow\">\n\t\t\t\t\t  <a href=\"https:\/\/nenmonghoalu.vn\/?p=200\" title=\"Trang tr\u00ed nh\u00e0 h\u1ee3p phong th\u1ee7y cho ng\u01b0\u1eddi m\u1ec7nh Kim\">Trang tr\u00ed nh\u00e0 h\u1ee3p phong th\u1ee7y cho ng\u01b0\u1eddi m\u1ec7nh Kim<\/a>\n\t\t\t\t   \t  <span class=\"post_comments op-7 block is-xsmall\"><a href=\"https:\/\/nenmonghoalu.vn\/?p=200#respond\"><\/a><\/span>\n\t\t\t\t<\/div>\n\t\t\t<\/div>\n\t\t<\/li>\n\t\t\n\t\t\n\t\t<li class=\"recent-blog-posts-li\">\n\t\t\t<div class=\"flex-row recent-blog-posts align-top pt-half pb-half\">\n\t\t\t\t<div class=\"flex-col mr-half\">\n\t\t\t\t\t<div class=\"badge post-date  badge-outline\">\n\t\t\t\t\t\t\t<div class=\"badge-inner bg-fill\" style=\"background: url(https:\/\/nenmonghoalu.vn\/wp-content\/uploads\/2024\/04\/9-sua-nha-chung-cu-3-150x150.jpg); border:0;\">\n                                \t\t\t\t\t\t\t<\/div>\n\t\t\t\t\t<\/div>\n\t\t\t\t<\/div>\n\t\t\t\t<div class=\"flex-col flex-grow\">\n\t\t\t\t\t  <a href=\"https:\/\/nenmonghoalu.vn\/?p=172\" title=\"Nh\u1eefng \u0111\u1eb7c \u0111i\u1ec3m kh\u00e1c th\u01b0\u1eddng khi s\u1eeda nh\u00e0 chung c\u01b0\">Nh\u1eefng \u0111\u1eb7c \u0111i\u1ec3m kh\u00e1c th\u01b0\u1eddng khi s\u1eeda nh\u00e0 chung c\u01b0<\/a>\n\t\t\t\t   \t  <span class=\"post_comments op-7 block is-xsmall\"><a href=\"https:\/\/nenmonghoalu.vn\/?p=172#respond\"><\/a><\/span>\n\t\t\t\t<\/div>\n\t\t\t<\/div>\n\t\t<\/li>\n\t\t\n\t\t\n\t\t<li class=\"recent-blog-posts-li\">\n\t\t\t<div class=\"flex-row recent-blog-posts align-top pt-half pb-half\">\n\t\t\t\t<div class=\"flex-col mr-half\">\n\t\t\t\t\t<div class=\"badge post-date  badge-outline\">\n\t\t\t\t\t\t\t<div class=\"badge-inner bg-fill\" style=\"background: url(https:\/\/nenmonghoalu.vn\/wp-content\/uploads\/2024\/04\/8-dich-vu-son-nha-tphcm-3-150x150.png); border:0;\">\n                                \t\t\t\t\t\t\t<\/div>\n\t\t\t\t\t<\/div>\n\t\t\t\t<\/div>\n\t\t\t\t<div class=\"flex-col flex-grow\">\n\t\t\t\t\t  <a href=\"https:\/\/nenmonghoalu.vn\/?p=169\" title=\"C\u00e1c l\u01b0u \u00fd khi l\u1ef1a ch\u1ecdn n\u01a1i h\u1ed7 tr\u1ee3 d\u1ecbch v\u1ee5 s\u01a1n nh\u00e0 tphcm\">C\u00e1c l\u01b0u \u00fd khi l\u1ef1a ch\u1ecdn n\u01a1i h\u1ed7 tr\u1ee3 d\u1ecbch v\u1ee5 s\u01a1n nh\u00e0 tphcm<\/a>\n\t\t\t\t   \t  <span class=\"post_comments op-7 block is-xsmall\"><a href=\"https:\/\/nenmonghoalu.vn\/?p=169#respond\"><\/a><\/span>\n\t\t\t\t<\/div>\n\t\t\t<\/div>\n\t\t<\/li>\n\t\t\n\t\t\n\t\t<li class=\"recent-blog-posts-li\">\n\t\t\t<div class=\"flex-row recent-blog-posts align-top pt-half pb-half\">\n\t\t\t\t<div class=\"flex-col mr-half\">\n\t\t\t\t\t<div class=\"badge post-date  badge-outline\">\n\t\t\t\t\t\t\t<div class=\"badge-inner bg-fill\" style=\"background: url(https:\/\/nenmonghoalu.vn\/wp-content\/uploads\/2024\/04\/7-tho-sua-nha-1-150x150.png); border:0;\">\n                                \t\t\t\t\t\t\t<\/div>\n\t\t\t\t\t<\/div>\n\t\t\t\t<\/div>\n\t\t\t\t<div class=\"flex-col flex-grow\">\n\t\t\t\t\t  <a href=\"https:\/\/nenmonghoalu.vn\/?p=166\" title=\"S\u1ef1 quan tr\u1ecdng c\u1ee7a th\u1ee3 s\u1eeda nh\u00e0 khi h\u1ed7 tr\u1ee3 cho ch\u1ee7 s\u1edf h\u1eefu\">S\u1ef1 quan tr\u1ecdng c\u1ee7a th\u1ee3 s\u1eeda nh\u00e0 khi h\u1ed7 tr\u1ee3 cho ch\u1ee7 s\u1edf h\u1eefu<\/a>\n\t\t\t\t   \t  <span class=\"post_comments op-7 block is-xsmall\"><a href=\"https:\/\/nenmonghoalu.vn\/?p=166#respond\"><\/a><\/span>\n\t\t\t\t<\/div>\n\t\t\t<\/div>\n\t\t<\/li>\n\t\t\n\t\t\n\t\t<li class=\"recent-blog-posts-li\">\n\t\t\t<div class=\"flex-row recent-blog-posts align-top pt-half pb-half\">\n\t\t\t\t<div class=\"flex-col mr-half\">\n\t\t\t\t\t<div class=\"badge post-date  badge-outline\">\n\t\t\t\t\t\t\t<div class=\"badge-inner bg-fill\" style=\"background: url(https:\/\/nenmonghoalu.vn\/wp-content\/uploads\/2024\/04\/Xay-nha-duc-gia-1-150x150.jpg); border:0;\">\n                                \t\t\t\t\t\t\t<\/div>\n\t\t\t\t\t<\/div>\n\t\t\t\t<\/div>\n\t\t\t\t<div class=\"flex-col flex-grow\">\n\t\t\t\t\t  <a href=\"https:\/\/nenmonghoalu.vn\/?p=163\" title=\"X\u00e2y nh\u00e0 \u0111\u00fac gi\u1ea3 gi\u1ea3i ph\u00e1p ti\u1ebft ki\u1ec7m chi ph\u00ed v\u01b0\u1ee3t tr\u1ed9i\">X\u00e2y nh\u00e0 \u0111\u00fac gi\u1ea3 gi\u1ea3i ph\u00e1p ti\u1ebft ki\u1ec7m chi ph\u00ed v\u01b0\u1ee3t tr\u1ed9i<\/a>\n\t\t\t\t   \t  <span class=\"post_comments op-7 block is-xsmall\"><a href=\"https:\/\/nenmonghoalu.vn\/?p=163#respond\"><\/a><\/span>\n\t\t\t\t<\/div>\n\t\t\t<\/div>\n\t\t<\/li>\n\t\t\n\t\t\n\t\t<li class=\"recent-blog-posts-li\">\n\t\t\t<div class=\"flex-row recent-blog-posts align-top pt-half pb-half\">\n\t\t\t\t<div class=\"flex-col mr-half\">\n\t\t\t\t\t<div class=\"badge post-date  badge-outline\">\n\t\t\t\t\t\t\t<div class=\"badge-inner bg-fill\" style=\"background: url(https:\/\/nenmonghoalu.vn\/wp-content\/uploads\/2024\/04\/cong-ty-xay-dung-sao-viet-150x150.jpg); border:0;\">\n                                \t\t\t\t\t\t\t<\/div>\n\t\t\t\t\t<\/div>\n\t\t\t\t<\/div>\n\t\t\t\t<div class=\"flex-col flex-grow\">\n\t\t\t\t\t  <a href=\"https:\/\/nenmonghoalu.vn\/?p=159\" title=\"B\u00c1O GI\u00c1 X\u00c2Y NH\u00c0 PH\u1ea6N TH\u00d4 2020\">B\u00c1O GI\u00c1 X\u00c2Y NH\u00c0 PH\u1ea6N TH\u00d4 2020<\/a>\n\t\t\t\t   \t  <span class=\"post_comments op-7 block is-xsmall\"><a href=\"https:\/\/nenmonghoalu.vn\/?p=159#respond\"><\/a><\/span>\n\t\t\t\t<\/div>\n\t\t\t<\/div>\n\t\t<\/li>\n\t\t\n\t\t\n\t\t<li class=\"recent-blog-posts-li\">\n\t\t\t<div class=\"flex-row recent-blog-posts align-top pt-half pb-half\">\n\t\t\t\t<div class=\"flex-col mr-half\">\n\t\t\t\t\t<div class=\"badge post-date  badge-outline\">\n\t\t\t\t\t\t\t<div class=\"badge-inner bg-fill\" style=\"background: url(https:\/\/nenmonghoalu.vn\/wp-content\/uploads\/2024\/04\/CONG-TY-XAY-NHA-QUAN-2-1-150x150.jpg); border:0;\">\n                                \t\t\t\t\t\t\t<\/div>\n\t\t\t\t\t<\/div>\n\t\t\t\t<\/div>\n\t\t\t\t<div class=\"flex-col flex-grow\">\n\t\t\t\t\t  <a href=\"https:\/\/nenmonghoalu.vn\/?p=156\" title=\"B\u00c1O GI\u00c1 X\u00c2Y NH\u00c0 TR\u1eccN G\u00d3I 2020 T\u1ea0I TPHCM\">B\u00c1O GI\u00c1 X\u00c2Y NH\u00c0 TR\u1eccN G\u00d3I 2020 T\u1ea0I TPHCM<\/a>\n\t\t\t\t   \t  <span class=\"post_comments op-7 block is-xsmall\"><a href=\"https:\/\/nenmonghoalu.vn\/?p=156#respond\"><\/a><\/span>\n\t\t\t\t<\/div>\n\t\t\t<\/div>\n\t\t<\/li>\n\t\t\t\t<\/ul>\t\t<\/aside><\/ul>\n\t\t<\/div>\n\t\t\t\t\t<\/div>\n\n\t\n<\/div>\n\t\t<\/div>\n\n\t\t\n<style>\n#section_343782650 {\n  padding-top: 0px;\n  padding-bottom: 0px;\n}\n<\/style>\n\t<\/section>\n\t\n","protected":false},"excerpt":{"rendered":"","protected":false},"author":1,"featured_media":0,"parent":0,"menu_order":0,"comment_status":"closed","ping_status":"closed","template":"page-blank.php","meta":{"_acf_changed":false,"footnotes":""},"class_list":["post-37","page","type-page","status-publish","hentry"],"acf":[],"_links":{"self":[{"href":"https:\/\/nenmonghoalu.vn\/index.php?rest_route=\/wp\/v2\/pages\/37","targetHints":{"allow":["GET"]}}],"collection":[{"href":"https:\/\/nenmonghoalu.vn\/index.php?rest_route=\/wp\/v2\/pages"}],"about":[{"href":"https:\/\/nenmonghoalu.vn\/index.php?rest_route=\/wp\/v2\/types\/page"}],"author":[{"embeddable":true,"href":"https:\/\/nenmonghoalu.vn\/index.php?rest_route=\/wp\/v2\/users\/1"}],"replies":[{"embeddable":true,"href":"https:\/\/nenmonghoalu.vn\/index.php?rest_route=%2Fwp%2Fv2%2Fcomments&post=37"}],"version-history":[{"count":10,"href":"https:\/\/nenmonghoalu.vn\/index.php?rest_route=\/wp\/v2\/pages\/37\/revisions"}],"predecessor-version":[{"id":434,"href":"https:\/\/nenmonghoalu.vn\/index.php?rest_route=\/wp\/v2\/pages\/37\/revisions\/434"}],"wp:attachment":[{"href":"https:\/\/nenmonghoalu.vn\/index.php?rest_route=%2Fwp%2Fv2%2Fmedia&parent=37"}],"curies":[{"name":"wp","href":"https:\/\/api.w.org\/{rel}","templated":true}]}}